{"id":10,"date":"2022-12-13T16:12:22","date_gmt":"2022-12-13T15:12:22","guid":{"rendered":"http:\/\/jbelectricite63.fr\/index.php\/contact-us\/"},"modified":"2023-04-14T15:00:16","modified_gmt":"2023-04-14T13:00:16","slug":"contact","status":"publish","type":"page","link":"https:\/\/jbelectricite63.fr\/index.php\/contact\/","title":{"rendered":"Me contacter"},"content":{"rendered":"\t\t<div data-elementor-type=\"wp-page\" data-elementor-id=\"10\" class=\"elementor elementor-10\">\n\t\t\t\t\t\t\t\t\t<section class=\"elementor-section elementor-top-section elementor-element elementor-element-eaed761 elementor-section-boxed elementor-section-height-default elementor-section-height-default\" data-id=\"eaed761\" data-element_type=\"section\">\n\t\t\t\t\t\t<div class=\"elementor-container elementor-column-gap-default\">\n\t\t\t\t\t<div class=\"elementor-column elementor-col-100 elementor-top-column elementor-element elementor-element-331a8c9\" data-id=\"331a8c9\" data-element_type=\"column\">\n\t\t\t<div class=\"elementor-widget-wrap elementor-element-populated\">\n\t\t\t\t\t\t\t\t<div class=\"elementor-element elementor-element-4e18abb elementor-widget elementor-widget-heading\" data-id=\"4e18abb\" data-element_type=\"widget\" data-widget_type=\"heading.default\">\n\t\t\t\t<div class=\"elementor-widget-container\">\n\t\t\t<style>\/*! elementor - v3.9.0 - 06-12-2022 *\/\n.elementor-heading-title{padding:0;margin:0;line-height:1}.elementor-widget-heading .elementor-heading-title[class*=elementor-size-]>a{color:inherit;font-size:inherit;line-height:inherit}.elementor-widget-heading .elementor-heading-title.elementor-size-small{font-size:15px}.elementor-widget-heading .elementor-heading-title.elementor-size-medium{font-size:19px}.elementor-widget-heading .elementor-heading-title.elementor-size-large{font-size:29px}.elementor-widget-heading .elementor-heading-title.elementor-size-xl{font-size:39px}.elementor-widget-heading .elementor-heading-title.elementor-size-xxl{font-size:59px}<\/style><h2 class=\"elementor-heading-title elementor-size-default\">Me contacter<\/h2>\t\t<\/div>\n\t\t\t\t<\/div>\n\t\t\t\t\t<\/div>\n\t\t<\/div>\n\t\t\t\t\t\t\t<\/div>\n\t\t<\/section>\n\t\t\t\t<section class=\"elementor-section elementor-top-section elementor-element elementor-element-f6d60e0 elementor-section-boxed elementor-section-height-default elementor-section-height-default\" data-id=\"f6d60e0\" data-element_type=\"section\">\n\t\t\t\t\t\t<div class=\"elementor-container elementor-column-gap-default\">\n\t\t\t\t\t<div class=\"elementor-column elementor-col-100 elementor-top-column elementor-element elementor-element-bceb33e\" data-id=\"bceb33e\" data-element_type=\"column\">\n\t\t\t<div class=\"elementor-widget-wrap elementor-element-populated\">\n\t\t\t\t\t\t\t\t<div class=\"elementor-element elementor-element-cf76f43 elementor-widget elementor-widget-text-editor\" data-id=\"cf76f43\" data-element_type=\"widget\" data-widget_type=\"text-editor.default\">\n\t\t\t\t<div class=\"elementor-widget-container\">\n\t\t\t<style>\/*! elementor - v3.9.0 - 06-12-2022 *\/\n.elementor-widget-text-editor.elementor-drop-cap-view-stacked .elementor-drop-cap{background-color:#818a91;color:#fff}.elementor-widget-text-editor.elementor-drop-cap-view-framed .elementor-drop-cap{color:#818a91;border:3px solid;background-color:transparent}.elementor-widget-text-editor:not(.elementor-drop-cap-view-default) .elementor-drop-cap{margin-top:8px}.elementor-widget-text-editor:not(.elementor-drop-cap-view-default) .elementor-drop-cap-letter{width:1em;height:1em}.elementor-widget-text-editor .elementor-drop-cap{float:left;text-align:center;line-height:1;font-size:50px}.elementor-widget-text-editor .elementor-drop-cap-letter{display:inline-block}<\/style>\t\t\t\t<p>Pour une demande de devis ou tout renseignement, n\u2019h\u00e9sitez pas \u00e0 me contacter.<\/p>\t\t\t\t\t\t<\/div>\n\t\t\t\t<\/div>\n\t\t\t\t\t<\/div>\n\t\t<\/div>\n\t\t\t\t\t\t\t<\/div>\n\t\t<\/section>\n\t\t\t\t<section class=\"elementor-section elementor-top-section elementor-element elementor-element-a764c98 elementor-section-boxed elementor-section-height-default elementor-section-height-default\" data-id=\"a764c98\" data-element_type=\"section\">\n\t\t\t\t\t\t<div class=\"elementor-container elementor-column-gap-default\">\n\t\t\t\t\t<div class=\"elementor-column elementor-col-33 elementor-top-column elementor-element elementor-element-49eac45\" data-id=\"49eac45\" data-element_type=\"column\">\n\t\t\t<div class=\"elementor-widget-wrap elementor-element-populated\">\n\t\t\t\t\t\t\t\t<div class=\"elementor-element elementor-element-22a2fe8 elementor-view-default elementor-mobile-position-top elementor-vertical-align-top elementor-widget elementor-widget-icon-box\" data-id=\"22a2fe8\" data-element_type=\"widget\" data-widget_type=\"icon-box.default\">\n\t\t\t\t<div class=\"elementor-widget-container\">\n\t\t\t<link rel=\"stylesheet\" href=\"http:\/\/jbelectricite63.fr\/wp-content\/plugins\/elementor\/assets\/css\/widget-icon-box.min.css\">\t\t<div class=\"elementor-icon-box-wrapper\">\n\t\t\t\t\t\t<div class=\"elementor-icon-box-icon\">\n\t\t\t\t<span class=\"elementor-icon elementor-animation-\" >\n\t\t\t\t<i aria-hidden=\"true\" class=\"fas fa-phone-alt\"><\/i>\t\t\t\t<\/span>\n\t\t\t<\/div>\n\t\t\t\t\t\t<div class=\"elementor-icon-box-content\">\n\t\t\t\t<h3 class=\"elementor-icon-box-title\">\n\t\t\t\t\t<span  >\n\t\t\t\t\t\t\t\t\t\t\t<\/span>\n\t\t\t\t<\/h3>\n\t\t\t\t\t\t\t\t\t<p class=\"elementor-icon-box-description\">\n\t\t\t\t\t\t06 85 34 75 91\n\t\t\t\t\t<\/p>\n\t\t\t\t\t\t\t<\/div>\n\t\t<\/div>\n\t\t\t\t<\/div>\n\t\t\t\t<\/div>\n\t\t\t\t\t<\/div>\n\t\t<\/div>\n\t\t\t\t<div class=\"elementor-column elementor-col-33 elementor-top-column elementor-element elementor-element-4e74286\" data-id=\"4e74286\" data-element_type=\"column\">\n\t\t\t<div class=\"elementor-widget-wrap elementor-element-populated\">\n\t\t\t\t\t\t\t\t<div class=\"elementor-element elementor-element-636b576 elementor-view-default elementor-mobile-position-top elementor-vertical-align-top elementor-widget elementor-widget-icon-box\" data-id=\"636b576\" data-element_type=\"widget\" data-widget_type=\"icon-box.default\">\n\t\t\t\t<div class=\"elementor-widget-container\">\n\t\t\t\t\t<div class=\"elementor-icon-box-wrapper\">\n\t\t\t\t\t\t<div class=\"elementor-icon-box-icon\">\n\t\t\t\t<span class=\"elementor-icon elementor-animation-\" >\n\t\t\t\t<i aria-hidden=\"true\" class=\"fas fa-envelope\"><\/i>\t\t\t\t<\/span>\n\t\t\t<\/div>\n\t\t\t\t\t\t<div class=\"elementor-icon-box-content\">\n\t\t\t\t<h3 class=\"elementor-icon-box-title\">\n\t\t\t\t\t<span  >\n\t\t\t\t\t\t\t\t\t\t\t<\/span>\n\t\t\t\t<\/h3>\n\t\t\t\t\t\t\t\t\t<p class=\"elementor-icon-box-description\">\n\t\t\t\t\t\tcontact@jbelectricite63.fr\t\t\t\t\t<\/p>\n\t\t\t\t\t\t\t<\/div>\n\t\t<\/div>\n\t\t\t\t<\/div>\n\t\t\t\t<\/div>\n\t\t\t\t\t<\/div>\n\t\t<\/div>\n\t\t\t\t<div class=\"elementor-column elementor-col-33 elementor-top-column elementor-element elementor-element-89f831b\" data-id=\"89f831b\" data-element_type=\"column\">\n\t\t\t<div class=\"elementor-widget-wrap elementor-element-populated\">\n\t\t\t\t\t\t\t\t<div class=\"elementor-element elementor-element-43e8bae elementor-view-default elementor-mobile-position-top elementor-vertical-align-top elementor-widget elementor-widget-icon-box\" data-id=\"43e8bae\" data-element_type=\"widget\" data-widget_type=\"icon-box.default\">\n\t\t\t\t<div class=\"elementor-widget-container\">\n\t\t\t\t\t<div class=\"elementor-icon-box-wrapper\">\n\t\t\t\t\t\t<div class=\"elementor-icon-box-icon\">\n\t\t\t\t<span class=\"elementor-icon elementor-animation-\" >\n\t\t\t\t<i aria-hidden=\"true\" class=\"fas fa-warehouse\"><\/i>\t\t\t\t<\/span>\n\t\t\t<\/div>\n\t\t\t\t\t\t<div class=\"elementor-icon-box-content\">\n\t\t\t\t<h3 class=\"elementor-icon-box-title\">\n\t\t\t\t\t<span  >\n\t\t\t\t\t\t\t\t\t\t\t<\/span>\n\t\t\t\t<\/h3>\n\t\t\t\t\t\t\t\t\t<p class=\"elementor-icon-box-description\">\n\t\t\t\t\t\t1 rue de la Charreyre \u2013 Vareilles\n<br>63210 Saint-Bonnet-pr\u00e9s-Orcival\n<\/br>\n\t\t\t\t\t<\/p>\n\t\t\t\t\t\t\t<\/div>\n\t\t<\/div>\n\t\t\t\t<\/div>\n\t\t\t\t<\/div>\n\t\t\t\t\t<\/div>\n\t\t<\/div>\n\t\t\t\t\t\t\t<\/div>\n\t\t<\/section>\n\t\t\t\t<section class=\"elementor-section elementor-top-section elementor-element elementor-element-779565a elementor-section-boxed elementor-section-height-default elementor-section-height-default\" data-id=\"779565a\" data-element_type=\"section\">\n\t\t\t\t\t\t<div class=\"elementor-container elementor-column-gap-default\">\n\t\t\t\t\t<div class=\"elementor-column elementor-col-100 elementor-top-column elementor-element elementor-element-101bd5e\" data-id=\"101bd5e\" data-element_type=\"column\">\n\t\t\t<div class=\"elementor-widget-wrap elementor-element-populated\">\n\t\t\t\t\t\t\t\t<div class=\"elementor-element elementor-element-701c81b elementor-widget elementor-widget-html\" data-id=\"701c81b\" data-element_type=\"widget\" data-widget_type=\"html.default\">\n\t\t\t\t<div class=\"elementor-widget-container\">\n\t\t\t<iframe src=\"https:\/\/form.jotform.com\/230853637810053\" height=\"2000\"><\/iframe>\t\t<\/div>\n\t\t\t\t<\/div>\n\t\t\t\t\t<\/div>\n\t\t<\/div>\n\t\t\t\t\t\t\t<\/div>\n\t\t<\/section>\n\t\t\t\t\t\t\t<\/div>\n\t\t","protected":false},"excerpt":{"rendered":"<p>Me contacter Pour une demande de devis ou tout renseignement, n\u2019h\u00e9sitez pas \u00e0 me contacter. 06 85 34 75 91 contact@jbelectricite63.fr 1 rue de la Charreyre \u2013 Vareilles 63210 Saint-Bonnet-pr\u00e9s-Orcival<\/p>\n","protected":false},"author":1,"featured_media":176,"parent":0,"menu_order":0,"comment_status":"closed","ping_status":"closed","template":"","meta":{"footnotes":""},"class_list":["post-10","page","type-page","status-publish","has-post-thumbnail","hentry"],"yoast_head":"<!-- This site is optimized with the Yoast SEO plugin v19.12 - https:\/\/yoast.com\/wordpress\/plugins\/seo\/ -->\n<title>Me contacter - JB \u00c9lectricit\u00e9<\/title>\n<meta name=\"description\" content=\"Jean-Baptiste Saint-Joanis, artisan \u00e9lectricien dipl\u00f4m\u00e9 et passionn\u00e9 vous d\u00e9panne sur Saint-Bonnet-pr\u00e9s-Orcival et ses alentours (50 km).\" \/>\n<meta name=\"robots\" content=\"index, follow, max-snippet:-1, max-image-preview:large, max-video-preview:-1\" \/>\n<link rel=\"canonical\" href=\"https:\/\/jbelectricite63.fr\/index.php\/contact\/\" \/>\n<meta property=\"og:locale\" content=\"en_US\" \/>\n<meta property=\"og:type\" content=\"article\" \/>\n<meta property=\"og:title\" content=\"Me contacter - JB \u00c9lectricit\u00e9\" \/>\n<meta property=\"og:description\" content=\"Jean-Baptiste Saint-Joanis, artisan \u00e9lectricien dipl\u00f4m\u00e9 et passionn\u00e9 vous d\u00e9panne sur Saint-Bonnet-pr\u00e9s-Orcival et ses alentours (50 km).\" \/>\n<meta property=\"og:url\" content=\"https:\/\/jbelectricite63.fr\/index.php\/contact\/\" \/>\n<meta property=\"og:site_name\" content=\"JB \u00c9lectricit\u00e9\" \/>\n<meta property=\"article:modified_time\" content=\"2023-04-14T13:00:16+00:00\" \/>\n<meta property=\"og:image\" content=\"https:\/\/jbelectricite63.fr\/wp-content\/uploads\/2023\/03\/cropped-iconepng.png\" \/>\n\t<meta property=\"og:image:width\" content=\"512\" \/>\n\t<meta property=\"og:image:height\" content=\"512\" \/>\n\t<meta property=\"og:image:type\" content=\"image\/png\" \/>\n<meta name=\"twitter:card\" content=\"summary_large_image\" \/>\n<meta name=\"twitter:label1\" content=\"Est. reading time\" \/>\n\t<meta name=\"twitter:data1\" content=\"1 minute\" \/>\n<script type=\"application\/ld+json\" class=\"yoast-schema-graph\">{\"@context\":\"https:\/\/schema.org\",\"@graph\":[{\"@type\":\"WebPage\",\"@id\":\"https:\/\/jbelectricite63.fr\/index.php\/contact\/\",\"url\":\"https:\/\/jbelectricite63.fr\/index.php\/contact\/\",\"name\":\"Me contacter - JB \u00c9lectricit\u00e9\",\"isPartOf\":{\"@id\":\"https:\/\/jbelectricite63.fr\/#website\"},\"datePublished\":\"2022-12-13T15:12:22+00:00\",\"dateModified\":\"2023-04-14T13:00:16+00:00\",\"description\":\"Jean-Baptiste Saint-Joanis, artisan \u00e9lectricien dipl\u00f4m\u00e9 et passionn\u00e9 vous d\u00e9panne sur Saint-Bonnet-pr\u00e9s-Orcival et ses alentours (50 km).\",\"breadcrumb\":{\"@id\":\"https:\/\/jbelectricite63.fr\/index.php\/contact\/#breadcrumb\"},\"inLanguage\":\"en-US\",\"potentialAction\":[{\"@type\":\"ReadAction\",\"target\":[\"https:\/\/jbelectricite63.fr\/index.php\/contact\/\"]}]},{\"@type\":\"BreadcrumbList\",\"@id\":\"https:\/\/jbelectricite63.fr\/index.php\/contact\/#breadcrumb\",\"itemListElement\":[{\"@type\":\"ListItem\",\"position\":1,\"name\":\"Accueil\",\"item\":\"https:\/\/jbelectricite63.fr\/\"},{\"@type\":\"ListItem\",\"position\":2,\"name\":\"Me contacter\"}]},{\"@type\":\"WebSite\",\"@id\":\"https:\/\/jbelectricite63.fr\/#website\",\"url\":\"https:\/\/jbelectricite63.fr\/\",\"name\":\"JB \u00c9lectricit\u00e9\",\"description\":\"\",\"publisher\":{\"@id\":\"https:\/\/jbelectricite63.fr\/#organization\"},\"potentialAction\":[{\"@type\":\"SearchAction\",\"target\":{\"@type\":\"EntryPoint\",\"urlTemplate\":\"https:\/\/jbelectricite63.fr\/?s={search_term_string}\"},\"query-input\":\"required name=search_term_string\"}],\"inLanguage\":\"en-US\"},{\"@type\":\"Organization\",\"@id\":\"https:\/\/jbelectricite63.fr\/#organization\",\"name\":\"JB \u00c9lectricit\u00e9\",\"url\":\"https:\/\/jbelectricite63.fr\/\",\"logo\":{\"@type\":\"ImageObject\",\"inLanguage\":\"en-US\",\"@id\":\"https:\/\/jbelectricite63.fr\/#\/schema\/logo\/image\/\",\"url\":\"https:\/\/jbelectricite63.fr\/wp-content\/uploads\/2023\/03\/cropped-sss.png\",\"contentUrl\":\"https:\/\/jbelectricite63.fr\/wp-content\/uploads\/2023\/03\/cropped-sss.png\",\"width\":1500,\"height\":429,\"caption\":\"JB \u00c9lectricit\u00e9\"},\"image\":{\"@id\":\"https:\/\/jbelectricite63.fr\/#\/schema\/logo\/image\/\"}}]}<\/script>\n<!-- \/ Yoast SEO plugin. -->","yoast_head_json":{"title":"Me contacter - JB \u00c9lectricit\u00e9","description":"Jean-Baptiste Saint-Joanis, artisan \u00e9lectricien dipl\u00f4m\u00e9 et passionn\u00e9 vous d\u00e9panne sur Saint-Bonnet-pr\u00e9s-Orcival et ses alentours (50 km).","robots":{"index":"index","follow":"follow","max-snippet":"max-snippet:-1","max-image-preview":"max-image-preview:large","max-video-preview":"max-video-preview:-1"},"canonical":"https:\/\/jbelectricite63.fr\/index.php\/contact\/","og_locale":"en_US","og_type":"article","og_title":"Me contacter - JB \u00c9lectricit\u00e9","og_description":"Jean-Baptiste Saint-Joanis, artisan \u00e9lectricien dipl\u00f4m\u00e9 et passionn\u00e9 vous d\u00e9panne sur Saint-Bonnet-pr\u00e9s-Orcival et ses alentours (50 km).","og_url":"https:\/\/jbelectricite63.fr\/index.php\/contact\/","og_site_name":"JB \u00c9lectricit\u00e9","article_modified_time":"2023-04-14T13:00:16+00:00","og_image":[{"width":512,"height":512,"url":"https:\/\/jbelectricite63.fr\/wp-content\/uploads\/2023\/03\/cropped-iconepng.png","type":"image\/png"}],"twitter_card":"summary_large_image","twitter_misc":{"Est. reading time":"1 minute"},"schema":{"@context":"https:\/\/schema.org","@graph":[{"@type":"WebPage","@id":"https:\/\/jbelectricite63.fr\/index.php\/contact\/","url":"https:\/\/jbelectricite63.fr\/index.php\/contact\/","name":"Me contacter - JB \u00c9lectricit\u00e9","isPartOf":{"@id":"https:\/\/jbelectricite63.fr\/#website"},"datePublished":"2022-12-13T15:12:22+00:00","dateModified":"2023-04-14T13:00:16+00:00","description":"Jean-Baptiste Saint-Joanis, artisan \u00e9lectricien dipl\u00f4m\u00e9 et passionn\u00e9 vous d\u00e9panne sur Saint-Bonnet-pr\u00e9s-Orcival et ses alentours (50 km).","breadcrumb":{"@id":"https:\/\/jbelectricite63.fr\/index.php\/contact\/#breadcrumb"},"inLanguage":"en-US","potentialAction":[{"@type":"ReadAction","target":["https:\/\/jbelectricite63.fr\/index.php\/contact\/"]}]},{"@type":"BreadcrumbList","@id":"https:\/\/jbelectricite63.fr\/index.php\/contact\/#breadcrumb","itemListElement":[{"@type":"ListItem","position":1,"name":"Accueil","item":"https:\/\/jbelectricite63.fr\/"},{"@type":"ListItem","position":2,"name":"Me contacter"}]},{"@type":"WebSite","@id":"https:\/\/jbelectricite63.fr\/#website","url":"https:\/\/jbelectricite63.fr\/","name":"JB \u00c9lectricit\u00e9","description":"","publisher":{"@id":"https:\/\/jbelectricite63.fr\/#organization"},"potentialAction":[{"@type":"SearchAction","target":{"@type":"EntryPoint","urlTemplate":"https:\/\/jbelectricite63.fr\/?s={search_term_string}"},"query-input":"required name=search_term_string"}],"inLanguage":"en-US"},{"@type":"Organization","@id":"https:\/\/jbelectricite63.fr\/#organization","name":"JB \u00c9lectricit\u00e9","url":"https:\/\/jbelectricite63.fr\/","logo":{"@type":"ImageObject","inLanguage":"en-US","@id":"https:\/\/jbelectricite63.fr\/#\/schema\/logo\/image\/","url":"https:\/\/jbelectricite63.fr\/wp-content\/uploads\/2023\/03\/cropped-sss.png","contentUrl":"https:\/\/jbelectricite63.fr\/wp-content\/uploads\/2023\/03\/cropped-sss.png","width":1500,"height":429,"caption":"JB \u00c9lectricit\u00e9"},"image":{"@id":"https:\/\/jbelectricite63.fr\/#\/schema\/logo\/image\/"}}]}},"_links":{"self":[{"href":"https:\/\/jbelectricite63.fr\/index.php\/wp-json\/wp\/v2\/pages\/10","targetHints":{"allow":["GET"]}}],"collection":[{"href":"https:\/\/jbelectricite63.fr\/index.php\/wp-json\/wp\/v2\/pages"}],"about":[{"href":"https:\/\/jbelectricite63.fr\/index.php\/wp-json\/wp\/v2\/types\/page"}],"author":[{"embeddable":true,"href":"https:\/\/jbelectricite63.fr\/index.php\/wp-json\/wp\/v2\/users\/1"}],"replies":[{"embeddable":true,"href":"https:\/\/jbelectricite63.fr\/index.php\/wp-json\/wp\/v2\/comments?post=10"}],"version-history":[{"count":85,"href":"https:\/\/jbelectricite63.fr\/index.php\/wp-json\/wp\/v2\/pages\/10\/revisions"}],"predecessor-version":[{"id":500,"href":"https:\/\/jbelectricite63.fr\/index.php\/wp-json\/wp\/v2\/pages\/10\/revisions\/500"}],"wp:featuredmedia":[{"embeddable":true,"href":"https:\/\/jbelectricite63.fr\/index.php\/wp-json\/wp\/v2\/media\/176"}],"wp:attachment":[{"href":"https:\/\/jbelectricite63.fr\/index.php\/wp-json\/wp\/v2\/media?parent=10"}],"curies":[{"name":"wp","href":"https:\/\/api.w.org\/{rel}","templated":true}]}}